{"id":3,"date":"2023-01-02T14:03:42","date_gmt":"2023-01-02T13:03:42","guid":{"rendered":"http:\/\/mateomatiz.de\/?page_id=3"},"modified":"2023-12-23T13:07:05","modified_gmt":"2023-12-23T12:07:05","slug":"privacy-policy","status":"publish","type":"page","link":"http:\/\/mateomatiz.de\/?page_id=3","title":{"rendered":"Privacy Policy"},"content":{"rendered":"\t\t<div data-elementor-type=\"wp-page\" data-elementor-id=\"3\" class=\"elementor elementor-3\">\n\t\t\t\t\t\t\t\t\t<section class=\"elementor-section elementor-top-section elementor-element elementor-element-2e3d1168 elementor-section-boxed elementor-section-height-default elementor-section-height-default\" data-id=\"2e3d1168\" data-element_type=\"section\" data-settings=\"{&quot;jet_parallax_layout_list&quot;:[],&quot;background_background&quot;:&quot;classic&quot;}\">\n\t\t\t\t\t\t<div class=\"elementor-container elementor-column-gap-default\">\n\t\t\t\t\t<div class=\"elementor-column elementor-col-100 elementor-top-column elementor-element elementor-element-4d1af17d\" data-id=\"4d1af17d\" data-element_type=\"column\">\n\t\t\t<div class=\"elementor-widget-wrap elementor-element-populated\">\n\t\t\t\t\t\t\t\t<div class=\"elementor-element elementor-element-666233c elementor-widget elementor-widget-shortcode\" data-id=\"666233c\" data-element_type=\"widget\" data-widget_type=\"shortcode.default\">\n\t\t\t\t<div class=\"elementor-widget-container\">\n\t\t\t\t\t<div class=\"elementor-shortcode\"><div id=\"cookiefirst-policy-page\"><\/div>\n  <div>Esta pol\u00edtica de cookies ha sido creada y actualizada por <a href=\"https:\/\/cookiefirst.com\">CookieFirst.com<\/a>.<\/div>\n    <\/div>\n\t\t\t\t<\/div>\n\t\t\t\t<\/div>\n\t\t\t\t<div class=\"elementor-element elementor-element-8dd0651 elementor-widget elementor-widget-html\" data-id=\"8dd0651\" data-element_type=\"widget\" data-widget_type=\"html.default\">\n\t\t\t\t<div class=\"elementor-widget-container\">\n\t\t\t<h2>Zustimmung zur Verwendung von Cookies.<\/h2>\r\n<p>Damit unsere Website ordnungsgem\u00e4\u00df funktioniert, verwenden wir Cookies. Um Ihre g\u00fcltige Zustimmung zur Verwendung und Speicherung von Cookies in dem Browser, den Sie f\u00fcr den Zugriff auf unsere Website verwenden, einzuholen und ordnungsgem\u00e4\u00df zu dokumentieren, verwenden wir eine Zustimmungsmanagement-Plattform: CookieFirst. Diese Technologie wird von Digital Data Solutions BV, Plantage Middenlaan 42a, 1018 DH, Amsterdam, Niederlande, bereitgestellt. Website: <a href='https:\/\/cookiefirst.com' title='Cookiefirst page'>https:\/\/cookiefirst.com<\/a> mit der Bezeichnung CookieFirst.<\/p>\r\n<p>Wenn Sie auf unsere Website zugreifen, wird eine Verbindung mit dem CookieFirst-Server hergestellt, um uns die M\u00f6glichkeit zu geben, Ihre g\u00fcltige Zustimmung zur Verwendung bestimmter Cookies einzuholen. CookieFirst speichert dann ein Cookie in Ihrem Browser, um nur die Cookies aktivieren zu k\u00f6nnen, zu denen Sie Ihre Zustimmung gegeben haben und dies entsprechend zu dokumentieren. Die verarbeiteten Daten werden so lange gespeichert, bis die vordefinierte Speicherdauer abl\u00e4uft oder bis Sie die L\u00f6schung der Daten verlangen. Abweichend hiervon k\u00f6nnen bestimmte gesetzliche Aufbewahrungsfristen gelten..<\/p>\r\n<p>CookieFirst wird verwendet, um die gesetzlich vorgeschriebene Zustimmung zur Verwendung von Cookies einzuholen. Die Rechtsgrundlage hierf\u00fcr ist Artikel 6 Absatz 1 Buchstabe c der Allgemeinen Datenschutzverordnung (DSGVO)..<\/p>\r\n<h2>Vereinbarung zur Datenverarbeitung<\/h2>\r\n<p>Wir haben mit CookieFirst einen Vertrag zur Datenverarbeitung abgeschlossen. Dabei handelt es sich um einen datenschutzrechtlich erforderlichen Vertrag, der sicherstellt, dass die Daten der Besucher unserer Website nur nach unseren Anweisungen und in \u00dcbereinstimmung mit der DSGVO verarbeitet werden..<\/p>\r\n<h2>Server-Protokolldateien<\/h2>\r\n<p>Unsere Website und CookieFirst erheben und speichern automatisch Informationen in so genannten Server-Log-Dateien, die Ihr Browser automatisch an uns \u00fcbermittelt. Die folgenden Daten werden erhoben:<\/p>\r\n<ul>\r\n<li>Ihre Zustimmung oder der Widerruf Ihrer Zustimmung<\/li>\r\n<li>Ihre anonymisierte IP-Adresse<\/li>\r\n<li>Informationen \u00fcber Ihren Browser\r\n<\/li>\r\n<li>Informationen \u00fcber Ihr Ger\u00e4t\/li>\r\n<li>Das Datum und die Uhrzeit Ihres Besuchs auf unserer Website<\/li>\r\n<li>Die URL der Webseite, auf der Sie Ihre Einwilligungseinstellungen gespeichert oder aktualisiert haben<\/li>\r\n<li>Der ungef\u00e4hre Standort des Nutzers, der Ihre Einwilligungspr\u00e4ferenzen gespeichert hat\r\n<\/li>\r\n<li>Ein universell eindeutiger Bezeichner (UUID) des Website-Besuchers, der auf den Banner-Cookie geklickt hat  <\/li>\r\n<\/ul>\t\t<\/div>\n\t\t\t\t<\/div>\n\t\t\t\t\t<\/div>\n\t\t<\/div>\n\t\t\t\t\t\t\t<\/div>\n\t\t<\/section>\n\t\t\t\t\t\t\t<\/div>\n\t\t","protected":false},"excerpt":{"rendered":"<p>Esta pol\u00edtica de cookies ha sido creada y actualizada por CookieFirst.com. Zustimmung zur Verwendung von Cookies. Damit unsere Website ordnungsgem\u00e4\u00df funktioniert, verwenden wir Cookies. Um Ihre g\u00fcltige Zustimmung zur Verwendung und Speicherung von Cookies in dem Browser, den Sie f\u00fcr den Zugriff auf unsere Website verwenden, einzuholen und ordnungsgem\u00e4\u00df zu dokumentieren, verwenden wir eine Zustimmungsmanagement-Plattform: [&hellip;]<\/p>\n","protected":false},"author":1,"featured_media":0,"parent":0,"menu_order":0,"comment_status":"closed","ping_status":"open","template":"","meta":{"_jet_sm_ready_style":"","_jet_sm_style":"","_jet_sm_controls_values":"","_jet_sm_fonts_collection":"","_jet_sm_fonts_links":"","footnotes":""},"class_list":["post-3","page","type-page","status-publish","hentry"],"_links":{"self":[{"href":"http:\/\/mateomatiz.de\/index.php?rest_route=\/wp\/v2\/pages\/3","targetHints":{"allow":["GET"]}}],"collection":[{"href":"http:\/\/mateomatiz.de\/index.php?rest_route=\/wp\/v2\/pages"}],"about":[{"href":"http:\/\/mateomatiz.de\/index.php?rest_route=\/wp\/v2\/types\/page"}],"author":[{"embeddable":true,"href":"http:\/\/mateomatiz.de\/index.php?rest_route=\/wp\/v2\/users\/1"}],"replies":[{"embeddable":true,"href":"http:\/\/mateomatiz.de\/index.php?rest_route=%2Fwp%2Fv2%2Fcomments&post=3"}],"version-history":[{"count":10,"href":"http:\/\/mateomatiz.de\/index.php?rest_route=\/wp\/v2\/pages\/3\/revisions"}],"predecessor-version":[{"id":1165,"href":"http:\/\/mateomatiz.de\/index.php?rest_route=\/wp\/v2\/pages\/3\/revisions\/1165"}],"wp:attachment":[{"href":"http:\/\/mateomatiz.de\/index.php?rest_route=%2Fwp%2Fv2%2Fmedia&parent=3"}],"curies":[{"name":"wp","href":"https:\/\/api.w.org\/{rel}","templated":true}]}}